{"id":14,"date":"2025-06-09T19:17:25","date_gmt":"2025-06-09T19:17:25","guid":{"rendered":"https:\/\/www.hotelavion.sk\/?page_id=14"},"modified":"2025-08-15T20:11:16","modified_gmt":"2025-08-15T20:11:16","slug":"domov","status":"publish","type":"page","link":"https:\/\/www.hotelavion.sk\/","title":{"rendered":"Domov"},"content":{"rendered":"\n<div class=\"wp-block-group is-nowrap is-layout-flex wp-container-core-group-is-layout-ab2f65d1 wp-block-group-is-layout-flex\" style=\"margin-top:0;margin-bottom:0;padding-top:0;padding-right:0;padding-bottom:0;padding-left:0\"><\/div>\n","protected":false},"excerpt":{"rendered":"","protected":false},"author":2,"featured_media":31,"parent":0,"menu_order":0,"comment_status":"closed","ping_status":"closed","template":"","meta":{"_uag_custom_page_level_css":"","footnotes":""},"class_list":["post-14","page","type-page","status-publish","has-post-thumbnail","hentry"],"yoast_head":"<!-- This site is optimized with the Yoast SEO plugin v25.5 - https:\/\/yoast.com\/wordpress\/plugins\/seo\/ -->\n<title>Domov - Hotel Avion<\/title>\n<meta name=\"description\" content=\"V Hoteli Avion n\u00e1jdete komfortn\u00e9 ubytovanie bl\u00edzko letiska v Bratislave. Hotel Avion pon\u00faka v\u00fdhodn\u00e9 pobyty a priestory na firemn\u00e9 aj s\u00fakromn\u00e9 podujatia. Vychutnajte si tradi\u010dn\u00fa slovansk\u00fa kuchy\u0148u v Re\u0161taur\u00e1cii Avion Bratislava. Denn\u00e9 menu, dom\u00e1ce \u0161peciality a ide\u00e1lne miesto na oslavy \u010di firemn\u00e9 ve\u010dere.\" \/>\n<meta name=\"robots\" content=\"index, follow, max-snippet:-1, max-image-preview:large, max-video-preview:-1\" \/>\n<link rel=\"canonical\" href=\"https:\/\/www.hotelavion.sk\/\" \/>\n<meta property=\"og:locale\" content=\"en_US\" \/>\n<meta property=\"og:type\" content=\"article\" \/>\n<meta property=\"og:title\" content=\"Domov - Hotel Avion\" \/>\n<meta property=\"og:description\" content=\"V Hoteli Avion n\u00e1jdete komfortn\u00e9 ubytovanie bl\u00edzko letiska v Bratislave. Hotel Avion pon\u00faka v\u00fdhodn\u00e9 pobyty a priestory na firemn\u00e9 aj s\u00fakromn\u00e9 podujatia. Vychutnajte si tradi\u010dn\u00fa slovansk\u00fa kuchy\u0148u v Re\u0161taur\u00e1cii Avion Bratislava. Denn\u00e9 menu, dom\u00e1ce \u0161peciality a ide\u00e1lne miesto na oslavy \u010di firemn\u00e9 ve\u010dere.\" \/>\n<meta property=\"og:url\" content=\"https:\/\/www.hotelavion.sk\/\" \/>\n<meta property=\"og:site_name\" content=\"Hotel Avion\" \/>\n<meta property=\"article:publisher\" content=\"https:\/\/www.facebook.com\/people\/Retaurcia-Avion-Slovansk-tradin-kuchya\/61575927372138\/\" \/>\n<meta property=\"article:modified_time\" content=\"2025-08-15T20:11:16+00:00\" \/>\n<meta property=\"og:image\" content=\"https:\/\/www.hotelavion.sk\/wp-content\/uploads\/2025\/06\/Avion-bg-1024x557.png\" \/>\n\t<meta property=\"og:image:width\" content=\"1024\" \/>\n\t<meta property=\"og:image:height\" content=\"557\" \/>\n\t<meta property=\"og:image:type\" content=\"image\/png\" \/>\n<meta name=\"twitter:card\" content=\"summary_large_image\" \/>\n<meta name=\"twitter:label1\" content=\"Est. reading time\" \/>\n\t<meta name=\"twitter:data1\" content=\"1 minute\" \/>\n<script type=\"application\/ld+json\" class=\"yoast-schema-graph\">{\"@context\":\"https:\/\/schema.org\",\"@graph\":[{\"@type\":\"WebPage\",\"@id\":\"https:\/\/www.hotelavion.sk\/\",\"url\":\"https:\/\/www.hotelavion.sk\/\",\"name\":\"Domov - Hotel Avion\",\"isPartOf\":{\"@id\":\"https:\/\/www.hotelavion.sk\/#website\"},\"primaryImageOfPage\":{\"@id\":\"https:\/\/www.hotelavion.sk\/#primaryimage\"},\"image\":{\"@id\":\"https:\/\/www.hotelavion.sk\/#primaryimage\"},\"thumbnailUrl\":\"https:\/\/www.hotelavion.sk\/wp-content\/uploads\/2025\/06\/Avion-bg.png\",\"datePublished\":\"2025-06-09T19:17:25+00:00\",\"dateModified\":\"2025-08-15T20:11:16+00:00\",\"description\":\"V Hoteli Avion n\u00e1jdete komfortn\u00e9 ubytovanie bl\u00edzko letiska v Bratislave. Hotel Avion pon\u00faka v\u00fdhodn\u00e9 pobyty a priestory na firemn\u00e9 aj s\u00fakromn\u00e9 podujatia. Vychutnajte si tradi\u010dn\u00fa slovansk\u00fa kuchy\u0148u v Re\u0161taur\u00e1cii Avion Bratislava. Denn\u00e9 menu, dom\u00e1ce \u0161peciality a ide\u00e1lne miesto na oslavy \u010di firemn\u00e9 ve\u010dere.\",\"breadcrumb\":{\"@id\":\"https:\/\/www.hotelavion.sk\/#breadcrumb\"},\"inLanguage\":\"en-US\",\"potentialAction\":[{\"@type\":\"ReadAction\",\"target\":[\"https:\/\/www.hotelavion.sk\/\"]}]},{\"@type\":\"ImageObject\",\"inLanguage\":\"en-US\",\"@id\":\"https:\/\/www.hotelavion.sk\/#primaryimage\",\"url\":\"https:\/\/www.hotelavion.sk\/wp-content\/uploads\/2025\/06\/Avion-bg.png\",\"contentUrl\":\"https:\/\/www.hotelavion.sk\/wp-content\/uploads\/2025\/06\/Avion-bg.png\",\"width\":1920,\"height\":1045},{\"@type\":\"BreadcrumbList\",\"@id\":\"https:\/\/www.hotelavion.sk\/#breadcrumb\",\"itemListElement\":[{\"@type\":\"ListItem\",\"position\":1,\"name\":\"Home\",\"item\":\"https:\/\/www.hotelavion.sk\/\"},{\"@type\":\"ListItem\",\"position\":2,\"name\":\"Domov\"}]},{\"@type\":\"WebSite\",\"@id\":\"https:\/\/www.hotelavion.sk\/#website\",\"url\":\"https:\/\/www.hotelavion.sk\/\",\"name\":\"Hotel Avion\",\"description\":\"\",\"publisher\":{\"@id\":\"https:\/\/www.hotelavion.sk\/#organization\"},\"potentialAction\":[{\"@type\":\"SearchAction\",\"target\":{\"@type\":\"EntryPoint\",\"urlTemplate\":\"https:\/\/www.hotelavion.sk\/?s={search_term_string}\"},\"query-input\":{\"@type\":\"PropertyValueSpecification\",\"valueRequired\":true,\"valueName\":\"search_term_string\"}}],\"inLanguage\":\"en-US\"},{\"@type\":\"Organization\",\"@id\":\"https:\/\/www.hotelavion.sk\/#organization\",\"name\":\"Hotel Avion\",\"url\":\"https:\/\/www.hotelavion.sk\/\",\"logo\":{\"@type\":\"ImageObject\",\"inLanguage\":\"en-US\",\"@id\":\"https:\/\/www.hotelavion.sk\/#\/schema\/logo\/image\/\",\"url\":\"https:\/\/www.hotelavion.sk\/wp-content\/uploads\/2025\/06\/Avion-logo.svg\",\"contentUrl\":\"https:\/\/www.hotelavion.sk\/wp-content\/uploads\/2025\/06\/Avion-logo.svg\",\"width\":328,\"height\":50,\"caption\":\"Hotel Avion\"},\"image\":{\"@id\":\"https:\/\/www.hotelavion.sk\/#\/schema\/logo\/image\/\"},\"sameAs\":[\"https:\/\/www.facebook.com\/people\/Retaurcia-Avion-Slovansk-tradin-kuchya\/61575927372138\/\",\"https:\/\/www.instagram.com\/restauracia_avion_bratislava\/\"]}]}<\/script>\n<!-- \/ Yoast SEO plugin. -->","yoast_head_json":{"title":"Domov - Hotel Avion","description":"V Hoteli Avion n\u00e1jdete komfortn\u00e9 ubytovanie bl\u00edzko letiska v Bratislave. Hotel Avion pon\u00faka v\u00fdhodn\u00e9 pobyty a priestory na firemn\u00e9 aj s\u00fakromn\u00e9 podujatia. Vychutnajte si tradi\u010dn\u00fa slovansk\u00fa kuchy\u0148u v Re\u0161taur\u00e1cii Avion Bratislava. Denn\u00e9 menu, dom\u00e1ce \u0161peciality a ide\u00e1lne miesto na oslavy \u010di firemn\u00e9 ve\u010dere.","robots":{"index":"index","follow":"follow","max-snippet":"max-snippet:-1","max-image-preview":"max-image-preview:large","max-video-preview":"max-video-preview:-1"},"canonical":"https:\/\/www.hotelavion.sk\/","og_locale":"en_US","og_type":"article","og_title":"Domov - Hotel Avion","og_description":"V Hoteli Avion n\u00e1jdete komfortn\u00e9 ubytovanie bl\u00edzko letiska v Bratislave. Hotel Avion pon\u00faka v\u00fdhodn\u00e9 pobyty a priestory na firemn\u00e9 aj s\u00fakromn\u00e9 podujatia. Vychutnajte si tradi\u010dn\u00fa slovansk\u00fa kuchy\u0148u v Re\u0161taur\u00e1cii Avion Bratislava. Denn\u00e9 menu, dom\u00e1ce \u0161peciality a ide\u00e1lne miesto na oslavy \u010di firemn\u00e9 ve\u010dere.","og_url":"https:\/\/www.hotelavion.sk\/","og_site_name":"Hotel Avion","article_publisher":"https:\/\/www.facebook.com\/people\/Retaurcia-Avion-Slovansk-tradin-kuchya\/61575927372138\/","article_modified_time":"2025-08-15T20:11:16+00:00","og_image":[{"width":1024,"height":557,"url":"https:\/\/www.hotelavion.sk\/wp-content\/uploads\/2025\/06\/Avion-bg-1024x557.png","type":"image\/png"}],"twitter_card":"summary_large_image","twitter_misc":{"Est. reading time":"1 minute"},"schema":{"@context":"https:\/\/schema.org","@graph":[{"@type":"WebPage","@id":"https:\/\/www.hotelavion.sk\/","url":"https:\/\/www.hotelavion.sk\/","name":"Domov - Hotel Avion","isPartOf":{"@id":"https:\/\/www.hotelavion.sk\/#website"},"primaryImageOfPage":{"@id":"https:\/\/www.hotelavion.sk\/#primaryimage"},"image":{"@id":"https:\/\/www.hotelavion.sk\/#primaryimage"},"thumbnailUrl":"https:\/\/www.hotelavion.sk\/wp-content\/uploads\/2025\/06\/Avion-bg.png","datePublished":"2025-06-09T19:17:25+00:00","dateModified":"2025-08-15T20:11:16+00:00","description":"V Hoteli Avion n\u00e1jdete komfortn\u00e9 ubytovanie bl\u00edzko letiska v Bratislave. Hotel Avion pon\u00faka v\u00fdhodn\u00e9 pobyty a priestory na firemn\u00e9 aj s\u00fakromn\u00e9 podujatia. Vychutnajte si tradi\u010dn\u00fa slovansk\u00fa kuchy\u0148u v Re\u0161taur\u00e1cii Avion Bratislava. Denn\u00e9 menu, dom\u00e1ce \u0161peciality a ide\u00e1lne miesto na oslavy \u010di firemn\u00e9 ve\u010dere.","breadcrumb":{"@id":"https:\/\/www.hotelavion.sk\/#breadcrumb"},"inLanguage":"en-US","potentialAction":[{"@type":"ReadAction","target":["https:\/\/www.hotelavion.sk\/"]}]},{"@type":"ImageObject","inLanguage":"en-US","@id":"https:\/\/www.hotelavion.sk\/#primaryimage","url":"https:\/\/www.hotelavion.sk\/wp-content\/uploads\/2025\/06\/Avion-bg.png","contentUrl":"https:\/\/www.hotelavion.sk\/wp-content\/uploads\/2025\/06\/Avion-bg.png","width":1920,"height":1045},{"@type":"BreadcrumbList","@id":"https:\/\/www.hotelavion.sk\/#breadcrumb","itemListElement":[{"@type":"ListItem","position":1,"name":"Home","item":"https:\/\/www.hotelavion.sk\/"},{"@type":"ListItem","position":2,"name":"Domov"}]},{"@type":"WebSite","@id":"https:\/\/www.hotelavion.sk\/#website","url":"https:\/\/www.hotelavion.sk\/","name":"Hotel Avion","description":"","publisher":{"@id":"https:\/\/www.hotelavion.sk\/#organization"},"potentialAction":[{"@type":"SearchAction","target":{"@type":"EntryPoint","urlTemplate":"https:\/\/www.hotelavion.sk\/?s={search_term_string}"},"query-input":{"@type":"PropertyValueSpecification","valueRequired":true,"valueName":"search_term_string"}}],"inLanguage":"en-US"},{"@type":"Organization","@id":"https:\/\/www.hotelavion.sk\/#organization","name":"Hotel Avion","url":"https:\/\/www.hotelavion.sk\/","logo":{"@type":"ImageObject","inLanguage":"en-US","@id":"https:\/\/www.hotelavion.sk\/#\/schema\/logo\/image\/","url":"https:\/\/www.hotelavion.sk\/wp-content\/uploads\/2025\/06\/Avion-logo.svg","contentUrl":"https:\/\/www.hotelavion.sk\/wp-content\/uploads\/2025\/06\/Avion-logo.svg","width":328,"height":50,"caption":"Hotel Avion"},"image":{"@id":"https:\/\/www.hotelavion.sk\/#\/schema\/logo\/image\/"},"sameAs":["https:\/\/www.facebook.com\/people\/Retaurcia-Avion-Slovansk-tradin-kuchya\/61575927372138\/","https:\/\/www.instagram.com\/restauracia_avion_bratislava\/"]}]}},"uagb_featured_image_src":{"full":["https:\/\/www.hotelavion.sk\/wp-content\/uploads\/2025\/06\/Avion-bg.png",1920,1045,false],"thumbnail":["https:\/\/www.hotelavion.sk\/wp-content\/uploads\/2025\/06\/Avion-bg-150x150.png",150,150,true],"medium":["https:\/\/www.hotelavion.sk\/wp-content\/uploads\/2025\/06\/Avion-bg-300x163.png",300,163,true],"medium_large":["https:\/\/www.hotelavion.sk\/wp-content\/uploads\/2025\/06\/Avion-bg-768x418.png",768,418,true],"large":["https:\/\/www.hotelavion.sk\/wp-content\/uploads\/2025\/06\/Avion-bg-1024x557.png",1024,557,true],"1536x1536":["https:\/\/www.hotelavion.sk\/wp-content\/uploads\/2025\/06\/Avion-bg-1536x836.png",1536,836,true],"2048x2048":["https:\/\/www.hotelavion.sk\/wp-content\/uploads\/2025\/06\/Avion-bg.png",1920,1045,false]},"uagb_author_info":{"display_name":"saemkko","author_link":"https:\/\/www.hotelavion.sk\/?author=2"},"uagb_comment_info":0,"uagb_excerpt":null,"_links":{"self":[{"href":"https:\/\/www.hotelavion.sk\/index.php?rest_route=\/wp\/v2\/pages\/14","targetHints":{"allow":["GET"]}}],"collection":[{"href":"https:\/\/www.hotelavion.sk\/index.php?rest_route=\/wp\/v2\/pages"}],"about":[{"href":"https:\/\/www.hotelavion.sk\/index.php?rest_route=\/wp\/v2\/types\/page"}],"author":[{"embeddable":true,"href":"https:\/\/www.hotelavion.sk\/index.php?rest_route=\/wp\/v2\/users\/2"}],"replies":[{"embeddable":true,"href":"https:\/\/www.hotelavion.sk\/index.php?rest_route=%2Fwp%2Fv2%2Fcomments&post=14"}],"version-history":[{"count":7,"href":"https:\/\/www.hotelavion.sk\/index.php?rest_route=\/wp\/v2\/pages\/14\/revisions"}],"predecessor-version":[{"id":1212,"href":"https:\/\/www.hotelavion.sk\/index.php?rest_route=\/wp\/v2\/pages\/14\/revisions\/1212"}],"wp:featuredmedia":[{"embeddable":true,"href":"https:\/\/www.hotelavion.sk\/index.php?rest_route=\/wp\/v2\/media\/31"}],"wp:attachment":[{"href":"https:\/\/www.hotelavion.sk\/index.php?rest_route=%2Fwp%2Fv2%2Fmedia&parent=14"}],"curies":[{"name":"wp","href":"https:\/\/api.w.org\/{rel}","templated":true}]}}