{"id":412,"date":"2025-06-21T20:21:33","date_gmt":"2025-06-21T20:21:33","guid":{"rendered":"https:\/\/www.hotelavion.sk\/?page_id=412"},"modified":"2025-07-22T13:11:01","modified_gmt":"2025-07-22T13:11:01","slug":"blog","status":"publish","type":"page","link":"https:\/\/www.hotelavion.sk\/?page_id=412","title":{"rendered":"Blog"},"content":{"rendered":"\n<div class=\"wp-block-superblockslider-slider superblockslider\" style=\"height:90vh;width:100%\" data-transition-duration=\".5s\" data-animation=\"ease-in-out\" data-transition-effect=\"fade\" data-transition-speed=\".5s\" data-autoplay-interval=\"5s\" data-slide-navigation=\"none\" data-hover-pause=\"false\" data-arrow-navigation=\"false\"><div class=\"superblockslider__window\"><div class=\"superblockslider__track\">\n<div class=\"wp-block-superblockslider-slide superblockslider__slide superblockslider__slide--active is-vertical-center center\" data-slide-index=\"0\" style=\"transition-duration:.5s;transition-timing-function:ease-in-out\"><div class=\"superblockslider__slide__bg\"><img fetchpriority=\"high\" decoding=\"async\" class=\"image--xl visible--xl visible--sm visible--md visible--lg\" src=\"https:\/\/www.hotelavion.sk\/wp-content\/uploads\/2025\/07\/Blog-podstranka-scaled.jpeg\" width=\"2560\" height=\"1707\" title=\"Happy friends celebrating and toasting with beer during lunch in a pub.\" alt=\"\" loading=\"eager\" srcset=\"https:\/\/www.hotelavion.sk\/wp-content\/uploads\/2025\/07\/Blog-podstranka-150x150.jpeg 150w,https:\/\/www.hotelavion.sk\/wp-content\/uploads\/2025\/07\/Blog-podstranka-300x200.jpeg 300w,https:\/\/www.hotelavion.sk\/wp-content\/uploads\/2025\/07\/Blog-podstranka-1024x683.jpeg 1024w,https:\/\/www.hotelavion.sk\/wp-content\/uploads\/2025\/07\/Blog-podstranka-scaled.jpeg 2560w,\" sizes=\"(max-width: 2560px) 100vw, 2560px\" style=\"object-fit:cover;object-position:50% 50%\"\/><\/div><div class=\"superblockslider__slide__overlay\" style=\"background-color:#000000;opacity:0.6\"><\/div><div class=\"superblockslider__slide_inner\"><div class=\"inner-blocks\" style=\"overflow:visible\">\n<div class=\"wp-block-group has-global-padding is-layout-constrained wp-container-core-group-is-layout-55ec501c wp-block-group-is-layout-constrained\" style=\"padding-top:0;padding-right:0;padding-bottom:0;padding-left:0\">\n<h1 class=\"wp-block-heading has-text-align-center has-base-color has-text-color has-link-color wp-elements-4c8ea8f0b690cad29c2675daf7cc26f4\" style=\"font-size:clamp(31.609px, 1.976rem + ((1vw - 3.2px) * 2.391), 56px);text-transform:uppercase\">BLOG<\/h1>\n\n\n\n<p class=\"has-text-align-center has-base-color has-text-color has-link-color wp-elements-87df8550a51b969295e801d934aadcb8\" style=\"font-size:clamp(15.747px, 0.984rem + ((1vw - 3.2px) * 0.809), 24px);font-style:normal;font-weight:100;line-height:1.1\">Tu n\u00e1jdete aktu\u00e1lne inform\u00e1cie o podujatiach, novink\u00e1ch, recenzi\u00e1ch a v\u0161etkom, \u010do sa deje v na\u0161ej re\u0161taur\u00e1cii.<\/p>\n<\/div>\n<\/div><\/div><\/div>\n\n\n\n<div class=\"wp-block-superblockslider-slide superblockslider__slide is-vertical-center center\" data-slide-index=\"1\" style=\"transition-duration:.5s;transition-timing-function:ease-in-out\"><div class=\"superblockslider__slide__bg\"><img decoding=\"async\" class=\"image--xl visible--xl visible--sm visible--md visible--lg\" src=\"https:\/\/www.hotelavion.sk\/wp-content\/uploads\/2025\/06\/landing-page-podstranka-scaled.jpeg\" width=\"2560\" height=\"1707\" title=\"Modern luxury Hotel Reception Counter desk with Bell. Service Be\" alt=\"\" loading=\"eager\" srcset=\"https:\/\/www.hotelavion.sk\/wp-content\/uploads\/2025\/06\/landing-page-podstranka-150x150.jpeg 150w,https:\/\/www.hotelavion.sk\/wp-content\/uploads\/2025\/06\/landing-page-podstranka-300x200.jpeg 300w,https:\/\/www.hotelavion.sk\/wp-content\/uploads\/2025\/06\/landing-page-podstranka-1024x683.jpeg 1024w,https:\/\/www.hotelavion.sk\/wp-content\/uploads\/2025\/06\/landing-page-podstranka-scaled.jpeg 2560w,\" sizes=\"(max-width: 2560px) 100vw, 2560px\" style=\"object-fit:cover;object-position:50% 50%\"\/><\/div><div class=\"superblockslider__slide__overlay\" style=\"background-color:#000000;opacity:0.6\"><\/div><div class=\"superblockslider__slide_inner\"><div class=\"inner-blocks\" style=\"overflow:visible\">\n<div class=\"wp-block-group has-global-padding is-layout-constrained wp-container-core-group-is-layout-55ec501c wp-block-group-is-layout-constrained\" style=\"padding-top:0;padding-right:0;padding-bottom:0;padding-left:0\">\n<h1 class=\"wp-block-heading has-text-align-center has-base-color has-text-color has-link-color wp-elements-4c8ea8f0b690cad29c2675daf7cc26f4\" style=\"font-size:clamp(31.609px, 1.976rem + ((1vw - 3.2px) * 2.391), 56px);text-transform:uppercase\">BLOG<\/h1>\n\n\n\n<p class=\"has-text-align-center has-base-color has-text-color has-link-color wp-elements-50adaa7fb1b54663c9512eb4d6040fb6\" style=\"font-size:clamp(15.747px, 0.984rem + ((1vw - 3.2px) * 0.809), 24px);font-style:normal;font-weight:100;line-height:1.1\">Tu n\u00e1jdete aktu\u00e1lne inform\u00e1cie o podujatiach, novink\u00e1ch, recenzi\u00e1ch a v\u0161etkom, \u010do sa deje v na\u0161ej re\u0161taur\u00e1cii!<\/p>\n<\/div>\n<\/div><\/div><\/div>\n\n\n\n<div class=\"wp-block-superblockslider-slide superblockslider__slide is-vertical-center center\" data-slide-index=\"2\" style=\"transition-duration:.5s;transition-timing-function:ease-in-out\"><div class=\"superblockslider__slide__bg\"><img decoding=\"async\" class=\"image--xl visible--xl visible--sm visible--md visible--lg\" src=\"https:\/\/www.hotelavion.sk\/wp-content\/uploads\/2025\/07\/kontakt-podstranka-scaled.jpeg\" width=\"2560\" height=\"1707\" title=\"Cheerful waiter communicating with customers while taking their orders on touchpad.\" alt=\"\" loading=\"eager\" srcset=\"https:\/\/www.hotelavion.sk\/wp-content\/uploads\/2025\/07\/kontakt-podstranka-150x150.jpeg 150w,https:\/\/www.hotelavion.sk\/wp-content\/uploads\/2025\/07\/kontakt-podstranka-300x200.jpeg 300w,https:\/\/www.hotelavion.sk\/wp-content\/uploads\/2025\/07\/kontakt-podstranka-1024x683.jpeg 1024w,https:\/\/www.hotelavion.sk\/wp-content\/uploads\/2025\/07\/kontakt-podstranka-scaled.jpeg 2560w,\" sizes=\"(max-width: 2560px) 100vw, 2560px\" style=\"object-fit:cover;object-position:50% 50%\"\/><\/div><div class=\"superblockslider__slide__overlay\" style=\"background-color:#000000;opacity:0.6\"><\/div><div class=\"superblockslider__slide_inner\"><div class=\"inner-blocks\" style=\"overflow:visible\">\n<div class=\"wp-block-group has-global-padding is-layout-constrained wp-container-core-group-is-layout-55ec501c wp-block-group-is-layout-constrained\" style=\"padding-top:0;padding-right:0;padding-bottom:0;padding-left:0\">\n<h1 class=\"wp-block-heading has-text-align-center has-base-color has-text-color has-link-color wp-elements-4c8ea8f0b690cad29c2675daf7cc26f4\" style=\"font-size:clamp(31.609px, 1.976rem + ((1vw - 3.2px) * 2.391), 56px);text-transform:uppercase\">BLOG<\/h1>\n\n\n\n<p class=\"has-text-align-center has-base-color has-text-color has-link-color wp-elements-50adaa7fb1b54663c9512eb4d6040fb6\" style=\"font-size:clamp(15.747px, 0.984rem + ((1vw - 3.2px) * 0.809), 24px);font-style:normal;font-weight:100;line-height:1.1\">Tu n\u00e1jdete aktu\u00e1lne inform\u00e1cie o podujatiach, novink\u00e1ch, recenzi\u00e1ch a v\u0161etkom, \u010do sa deje v na\u0161ej re\u0161taur\u00e1cii!<\/p>\n<\/div>\n<\/div><\/div><\/div>\n<\/div><\/div><\/div>\n\n\n\n<div class=\"wp-block-group has-global-padding is-layout-constrained wp-container-core-group-is-layout-f434e385 wp-block-group-is-layout-constrained\" style=\"padding-top:var(--wp--preset--spacing--50);padding-right:10vw;padding-bottom:var(--wp--preset--spacing--50);padding-left:10vw\">\n<div class=\"wp-block-group has-global-padding is-layout-constrained wp-block-group-is-layout-constrained\" style=\"margin-top:0;margin-bottom:var(--wp--preset--spacing--50);padding-top:0;padding-bottom:0\">\n<figure class=\"wp-block-image size-full\"><img loading=\"lazy\" decoding=\"async\" width=\"638\" height=\"80\" src=\"https:\/\/www.hotelavion.sk\/wp-content\/uploads\/2025\/06\/Avion-breaker.png\" alt=\"\" class=\"wp-image-109\" style=\"object-fit:cover\" srcset=\"https:\/\/www.hotelavion.sk\/wp-content\/uploads\/2025\/06\/Avion-breaker.png 638w, https:\/\/www.hotelavion.sk\/wp-content\/uploads\/2025\/06\/Avion-breaker-300x38.png 300w\" sizes=\"auto, (max-width: 638px) 100vw, 638px\" \/><\/figure>\n<\/div>\n\n\n\n<div class=\"wp-block-group uag-hide-tab uag-hide-mob is-content-justification-right is-nowrap is-layout-flex wp-container-core-group-is-layout-e9ec5989 wp-block-group-is-layout-flex\" style=\"margin-top:0;margin-bottom:0;padding-top:0;padding-right:0;padding-bottom:0;padding-left:0\">\n<div class=\"wp-block-query has-global-padding is-layout-constrained wp-container-core-query-is-layout-12243e0f wp-block-query-is-layout-constrained\"><\/div>\n\n\n\n<div class=\"wp-block-group has-global-padding is-layout-constrained wp-container-core-group-is-layout-20eeec03 wp-block-group-is-layout-constrained\" style=\"padding-top:0;padding-right:0;padding-bottom:0;padding-left:0\">\n<div class=\"wp-block-group has-custom-tertiary-background-color has-background has-global-padding is-layout-constrained wp-container-core-group-is-layout-413d3890 wp-block-group-is-layout-constrained\" style=\"padding-top:var(--wp--preset--spacing--70);padding-right:var(--wp--preset--spacing--50);padding-bottom:var(--wp--preset--spacing--70);padding-left:var(--wp--preset--spacing--50)\">\n<p class=\"has-text-align-center\" style=\"font-size:clamp(15.747px, 0.984rem + ((1vw - 3.2px) * 0.809), 24px);\"><strong>OTV\u00c1RACIE HODINY:<\/strong><\/p>\n\n\n\n<p class=\"has-text-align-center\" style=\"font-size:clamp(15.747px, 0.984rem + ((1vw - 3.2px) * 0.809), 24px);\">Pon-Sob:&nbsp;09:00 \u2013 22:00<\/p>\n\n\n\n<p class=\"has-text-align-center\" style=\"font-size:clamp(15.747px, 0.984rem + ((1vw - 3.2px) * 0.809), 24px);\">Nede\u013ea:&nbsp;Zatvoren\u00e9<\/p>\n<\/div>\n\n\n\n<div class=\"wp-block-group has-custom-tertiary-background-color has-background has-global-padding is-layout-constrained wp-container-core-group-is-layout-413d3890 wp-block-group-is-layout-constrained\" style=\"padding-top:var(--wp--preset--spacing--70);padding-right:var(--wp--preset--spacing--50);padding-bottom:var(--wp--preset--spacing--70);padding-left:var(--wp--preset--spacing--50)\">\n<p class=\"has-text-align-center\" style=\"font-size:clamp(15.747px, 0.984rem + ((1vw - 3.2px) * 0.809), 24px);text-transform:uppercase\"><strong>Kde n\u00e1s n\u00e1jdete:<\/strong><\/p>\n\n\n\n<p class=\"has-text-align-center\" style=\"font-size:clamp(15.747px, 0.984rem + ((1vw - 3.2px) * 0.809), 24px);text-transform:uppercase\">Ivansk\u00e1 cesta 15A,  <\/p>\n\n\n\n<p class=\"has-text-align-center\" style=\"font-size:clamp(15.747px, 0.984rem + ((1vw - 3.2px) * 0.809), 24px);text-transform:uppercase\">16945,<\/p>\n\n\n\n<p class=\"has-text-align-center\" style=\"font-size:clamp(15.747px, 0.984rem + ((1vw - 3.2px) * 0.809), 24px);text-transform:uppercase\">821 04 Bratislava,<\/p>\n\n\n\n<p class=\"has-text-align-center\" style=\"font-size:clamp(15.747px, 0.984rem + ((1vw - 3.2px) * 0.809), 24px);text-transform:uppercase\">v Hoteli Avion<\/p>\n<\/div>\n<\/div>\n<\/div>\n\n\n\n<div class=\"wp-block-group uag-hide-desktop is-vertical is-content-justification-center is-layout-flex wp-container-core-group-is-layout-7bb017fd wp-block-group-is-layout-flex\" style=\"margin-top:0;margin-bottom:0;padding-top:0;padding-right:0;padding-bottom:0;padding-left:0\">\n<div class=\"wp-block-query has-global-padding is-layout-constrained wp-container-core-query-is-layout-12243e0f wp-block-query-is-layout-constrained\"><\/div>\n\n\n\n<div class=\"wp-block-group has-global-padding is-content-justification-center is-layout-constrained wp-container-core-group-is-layout-85b2c857 wp-block-group-is-layout-constrained\" style=\"padding-top:0;padding-right:0;padding-bottom:0;padding-left:0\">\n<div class=\"wp-block-group has-custom-tertiary-background-color has-background has-global-padding is-layout-constrained wp-container-core-group-is-layout-413d3890 wp-block-group-is-layout-constrained\" style=\"padding-top:var(--wp--preset--spacing--70);padding-right:var(--wp--preset--spacing--50);padding-bottom:var(--wp--preset--spacing--70);padding-left:var(--wp--preset--spacing--50)\">\n<p class=\"has-text-align-center\" style=\"font-size:clamp(15.747px, 0.984rem + ((1vw - 3.2px) * 0.809), 24px);\"><strong>OTV\u00c1RACIE HODINY:<\/strong><\/p>\n\n\n\n<p class=\"has-text-align-center\" style=\"font-size:clamp(15.747px, 0.984rem + ((1vw - 3.2px) * 0.809), 24px);\">Pon-Sob:&nbsp;09:00 \u2013 22:00<\/p>\n\n\n\n<p class=\"has-text-align-center\" style=\"font-size:clamp(15.747px, 0.984rem + ((1vw - 3.2px) * 0.809), 24px);\">Nede\u013ea:&nbsp;Zatvoren\u00e9<\/p>\n<\/div>\n\n\n\n<div class=\"wp-block-group has-custom-tertiary-background-color has-background has-global-padding is-layout-constrained wp-container-core-group-is-layout-413d3890 wp-block-group-is-layout-constrained\" style=\"padding-top:var(--wp--preset--spacing--70);padding-right:var(--wp--preset--spacing--50);padding-bottom:var(--wp--preset--spacing--70);padding-left:var(--wp--preset--spacing--50)\">\n<p class=\"has-text-align-center\" style=\"font-size:clamp(15.747px, 0.984rem + ((1vw - 3.2px) * 0.809), 24px);text-transform:uppercase\"><strong>Kde n\u00e1s n\u00e1jdete:<\/strong><\/p>\n\n\n\n<p class=\"has-text-align-center\" style=\"font-size:clamp(15.747px, 0.984rem + ((1vw - 3.2px) * 0.809), 24px);text-transform:uppercase\">Ivansk\u00e1 cesta 15A,  <\/p>\n\n\n\n<p class=\"has-text-align-center\" style=\"font-size:clamp(15.747px, 0.984rem + ((1vw - 3.2px) * 0.809), 24px);text-transform:uppercase\">16945,<\/p>\n\n\n\n<p class=\"has-text-align-center\" style=\"font-size:clamp(15.747px, 0.984rem + ((1vw - 3.2px) * 0.809), 24px);text-transform:uppercase\">821 04 Bratislava,<\/p>\n\n\n\n<p class=\"has-text-align-center\" style=\"font-size:clamp(15.747px, 0.984rem + ((1vw - 3.2px) * 0.809), 24px);text-transform:uppercase\">v Hoteli Avion<\/p>\n<\/div>\n<\/div>\n<\/div>\n<\/div>\n","protected":false},"excerpt":{"rendered":"<p>OTV\u00c1RACIE HODINY: Pon-Sob:&nbsp;09:00 \u2013 22:00 Nede\u013ea:&nbsp;Zatvoren\u00e9 Kde n\u00e1s n\u00e1jdete: Ivansk\u00e1 cesta 15A, 16945, 821 04 Bratislava, v Hoteli Avion OTV\u00c1RACIE HODINY: Pon-Sob:&nbsp;09:00 \u2013 22:00 Nede\u013ea:&nbsp;Zatvoren\u00e9 Kde n\u00e1s n\u00e1jdete: Ivansk\u00e1 cesta 15A, 16945, 821 04 Bratislava, v Hoteli Avion<\/p>\n","protected":false},"author":2,"featured_media":0,"parent":14,"menu_order":0,"comment_status":"closed","ping_status":"closed","template":"wp-custom-template-default","meta":{"_uag_custom_page_level_css":"","footnotes":""},"class_list":["post-412","page","type-page","status-publish","hentry"],"yoast_head":"<!-- This site is optimized with the Yoast SEO plugin v25.5 - https:\/\/yoast.com\/wordpress\/plugins\/seo\/ -->\n<title>Blog - Hotel Avion<\/title>\n<meta name=\"description\" content=\"Tu n\u00e1jdete aktu\u00e1lne inform\u00e1cie o podujatiach, novink\u00e1ch, recenzi\u00e1ch a v\u0161etkom, \u010do sa deje v na\u0161ej re\u0161taur\u00e1cii.\" \/>\n<meta name=\"robots\" content=\"index, follow, max-snippet:-1, max-image-preview:large, max-video-preview:-1\" \/>\n<link rel=\"canonical\" href=\"https:\/\/www.hotelavion.sk\/?page_id=412\" \/>\n<meta property=\"og:locale\" content=\"en_US\" \/>\n<meta property=\"og:type\" content=\"article\" \/>\n<meta property=\"og:title\" content=\"Blog - Hotel Avion\" \/>\n<meta property=\"og:description\" content=\"Tu n\u00e1jdete aktu\u00e1lne inform\u00e1cie o podujatiach, novink\u00e1ch, recenzi\u00e1ch a v\u0161etkom, \u010do sa deje v na\u0161ej re\u0161taur\u00e1cii.\" \/>\n<meta property=\"og:url\" content=\"https:\/\/www.hotelavion.sk\/?page_id=412\" \/>\n<meta property=\"og:site_name\" content=\"Hotel Avion\" \/>\n<meta property=\"article:publisher\" content=\"https:\/\/www.facebook.com\/people\/Retaurcia-Avion-Slovansk-tradin-kuchya\/61575927372138\/\" \/>\n<meta property=\"article:modified_time\" content=\"2025-07-22T13:11:01+00:00\" \/>\n<meta property=\"og:image\" content=\"https:\/\/www.hotelavion.sk\/wp-content\/uploads\/2025\/07\/Blog-podstranka-scaled.jpeg\" \/>\n<meta name=\"twitter:card\" content=\"summary_large_image\" \/>\n<meta name=\"twitter:label1\" content=\"Est. reading time\" \/>\n\t<meta name=\"twitter:data1\" content=\"2 minutes\" \/>\n<script type=\"application\/ld+json\" class=\"yoast-schema-graph\">{\"@context\":\"https:\/\/schema.org\",\"@graph\":[{\"@type\":\"WebPage\",\"@id\":\"https:\/\/www.hotelavion.sk\/?page_id=412\",\"url\":\"https:\/\/www.hotelavion.sk\/?page_id=412\",\"name\":\"Blog - Hotel Avion\",\"isPartOf\":{\"@id\":\"https:\/\/www.hotelavion.sk\/#website\"},\"primaryImageOfPage\":{\"@id\":\"https:\/\/www.hotelavion.sk\/?page_id=412#primaryimage\"},\"image\":{\"@id\":\"https:\/\/www.hotelavion.sk\/?page_id=412#primaryimage\"},\"thumbnailUrl\":\"https:\/\/www.hotelavion.sk\/wp-content\/uploads\/2025\/07\/Blog-podstranka-scaled.jpeg\",\"datePublished\":\"2025-06-21T20:21:33+00:00\",\"dateModified\":\"2025-07-22T13:11:01+00:00\",\"description\":\"Tu n\u00e1jdete aktu\u00e1lne inform\u00e1cie o podujatiach, novink\u00e1ch, recenzi\u00e1ch a v\u0161etkom, \u010do sa deje v na\u0161ej re\u0161taur\u00e1cii.\",\"breadcrumb\":{\"@id\":\"https:\/\/www.hotelavion.sk\/?page_id=412#breadcrumb\"},\"inLanguage\":\"en-US\",\"potentialAction\":[{\"@type\":\"ReadAction\",\"target\":[\"https:\/\/www.hotelavion.sk\/?page_id=412\"]}]},{\"@type\":\"ImageObject\",\"inLanguage\":\"en-US\",\"@id\":\"https:\/\/www.hotelavion.sk\/?page_id=412#primaryimage\",\"url\":\"https:\/\/www.hotelavion.sk\/wp-content\/uploads\/2025\/07\/Blog-podstranka-scaled.jpeg\",\"contentUrl\":\"https:\/\/www.hotelavion.sk\/wp-content\/uploads\/2025\/07\/Blog-podstranka-scaled.jpeg\",\"width\":2560,\"height\":1707,\"caption\":\"High angle view of cheerful friends having fun while toasting with beer and having lunch in a restaurant.\"},{\"@type\":\"BreadcrumbList\",\"@id\":\"https:\/\/www.hotelavion.sk\/?page_id=412#breadcrumb\",\"itemListElement\":[{\"@type\":\"ListItem\",\"position\":1,\"name\":\"Home\",\"item\":\"https:\/\/www.hotelavion.sk\/\"},{\"@type\":\"ListItem\",\"position\":2,\"name\":\"Domov\",\"item\":\"https:\/\/www.hotelavion.sk\/\"},{\"@type\":\"ListItem\",\"position\":3,\"name\":\"Blog\"}]},{\"@type\":\"WebSite\",\"@id\":\"https:\/\/www.hotelavion.sk\/#website\",\"url\":\"https:\/\/www.hotelavion.sk\/\",\"name\":\"Hotel Avion\",\"description\":\"\",\"publisher\":{\"@id\":\"https:\/\/www.hotelavion.sk\/#organization\"},\"potentialAction\":[{\"@type\":\"SearchAction\",\"target\":{\"@type\":\"EntryPoint\",\"urlTemplate\":\"https:\/\/www.hotelavion.sk\/?s={search_term_string}\"},\"query-input\":{\"@type\":\"PropertyValueSpecification\",\"valueRequired\":true,\"valueName\":\"search_term_string\"}}],\"inLanguage\":\"en-US\"},{\"@type\":\"Organization\",\"@id\":\"https:\/\/www.hotelavion.sk\/#organization\",\"name\":\"Hotel Avion\",\"url\":\"https:\/\/www.hotelavion.sk\/\",\"logo\":{\"@type\":\"ImageObject\",\"inLanguage\":\"en-US\",\"@id\":\"https:\/\/www.hotelavion.sk\/#\/schema\/logo\/image\/\",\"url\":\"https:\/\/www.hotelavion.sk\/wp-content\/uploads\/2025\/06\/Avion-logo.svg\",\"contentUrl\":\"https:\/\/www.hotelavion.sk\/wp-content\/uploads\/2025\/06\/Avion-logo.svg\",\"width\":328,\"height\":50,\"caption\":\"Hotel Avion\"},\"image\":{\"@id\":\"https:\/\/www.hotelavion.sk\/#\/schema\/logo\/image\/\"},\"sameAs\":[\"https:\/\/www.facebook.com\/people\/Retaurcia-Avion-Slovansk-tradin-kuchya\/61575927372138\/\",\"https:\/\/www.instagram.com\/restauracia_avion_bratislava\/\"]}]}<\/script>\n<!-- \/ Yoast SEO plugin. -->","yoast_head_json":{"title":"Blog - Hotel Avion","description":"Tu n\u00e1jdete aktu\u00e1lne inform\u00e1cie o podujatiach, novink\u00e1ch, recenzi\u00e1ch a v\u0161etkom, \u010do sa deje v na\u0161ej re\u0161taur\u00e1cii.","robots":{"index":"index","follow":"follow","max-snippet":"max-snippet:-1","max-image-preview":"max-image-preview:large","max-video-preview":"max-video-preview:-1"},"canonical":"https:\/\/www.hotelavion.sk\/?page_id=412","og_locale":"en_US","og_type":"article","og_title":"Blog - Hotel Avion","og_description":"Tu n\u00e1jdete aktu\u00e1lne inform\u00e1cie o podujatiach, novink\u00e1ch, recenzi\u00e1ch a v\u0161etkom, \u010do sa deje v na\u0161ej re\u0161taur\u00e1cii.","og_url":"https:\/\/www.hotelavion.sk\/?page_id=412","og_site_name":"Hotel Avion","article_publisher":"https:\/\/www.facebook.com\/people\/Retaurcia-Avion-Slovansk-tradin-kuchya\/61575927372138\/","article_modified_time":"2025-07-22T13:11:01+00:00","og_image":[{"url":"https:\/\/www.hotelavion.sk\/wp-content\/uploads\/2025\/07\/Blog-podstranka-scaled.jpeg","type":"","width":"","height":""}],"twitter_card":"summary_large_image","twitter_misc":{"Est. reading time":"2 minutes"},"schema":{"@context":"https:\/\/schema.org","@graph":[{"@type":"WebPage","@id":"https:\/\/www.hotelavion.sk\/?page_id=412","url":"https:\/\/www.hotelavion.sk\/?page_id=412","name":"Blog - Hotel Avion","isPartOf":{"@id":"https:\/\/www.hotelavion.sk\/#website"},"primaryImageOfPage":{"@id":"https:\/\/www.hotelavion.sk\/?page_id=412#primaryimage"},"image":{"@id":"https:\/\/www.hotelavion.sk\/?page_id=412#primaryimage"},"thumbnailUrl":"https:\/\/www.hotelavion.sk\/wp-content\/uploads\/2025\/07\/Blog-podstranka-scaled.jpeg","datePublished":"2025-06-21T20:21:33+00:00","dateModified":"2025-07-22T13:11:01+00:00","description":"Tu n\u00e1jdete aktu\u00e1lne inform\u00e1cie o podujatiach, novink\u00e1ch, recenzi\u00e1ch a v\u0161etkom, \u010do sa deje v na\u0161ej re\u0161taur\u00e1cii.","breadcrumb":{"@id":"https:\/\/www.hotelavion.sk\/?page_id=412#breadcrumb"},"inLanguage":"en-US","potentialAction":[{"@type":"ReadAction","target":["https:\/\/www.hotelavion.sk\/?page_id=412"]}]},{"@type":"ImageObject","inLanguage":"en-US","@id":"https:\/\/www.hotelavion.sk\/?page_id=412#primaryimage","url":"https:\/\/www.hotelavion.sk\/wp-content\/uploads\/2025\/07\/Blog-podstranka-scaled.jpeg","contentUrl":"https:\/\/www.hotelavion.sk\/wp-content\/uploads\/2025\/07\/Blog-podstranka-scaled.jpeg","width":2560,"height":1707,"caption":"High angle view of cheerful friends having fun while toasting with beer and having lunch in a restaurant."},{"@type":"BreadcrumbList","@id":"https:\/\/www.hotelavion.sk\/?page_id=412#breadcrumb","itemListElement":[{"@type":"ListItem","position":1,"name":"Home","item":"https:\/\/www.hotelavion.sk\/"},{"@type":"ListItem","position":2,"name":"Domov","item":"https:\/\/www.hotelavion.sk\/"},{"@type":"ListItem","position":3,"name":"Blog"}]},{"@type":"WebSite","@id":"https:\/\/www.hotelavion.sk\/#website","url":"https:\/\/www.hotelavion.sk\/","name":"Hotel Avion","description":"","publisher":{"@id":"https:\/\/www.hotelavion.sk\/#organization"},"potentialAction":[{"@type":"SearchAction","target":{"@type":"EntryPoint","urlTemplate":"https:\/\/www.hotelavion.sk\/?s={search_term_string}"},"query-input":{"@type":"PropertyValueSpecification","valueRequired":true,"valueName":"search_term_string"}}],"inLanguage":"en-US"},{"@type":"Organization","@id":"https:\/\/www.hotelavion.sk\/#organization","name":"Hotel Avion","url":"https:\/\/www.hotelavion.sk\/","logo":{"@type":"ImageObject","inLanguage":"en-US","@id":"https:\/\/www.hotelavion.sk\/#\/schema\/logo\/image\/","url":"https:\/\/www.hotelavion.sk\/wp-content\/uploads\/2025\/06\/Avion-logo.svg","contentUrl":"https:\/\/www.hotelavion.sk\/wp-content\/uploads\/2025\/06\/Avion-logo.svg","width":328,"height":50,"caption":"Hotel Avion"},"image":{"@id":"https:\/\/www.hotelavion.sk\/#\/schema\/logo\/image\/"},"sameAs":["https:\/\/www.facebook.com\/people\/Retaurcia-Avion-Slovansk-tradin-kuchya\/61575927372138\/","https:\/\/www.instagram.com\/restauracia_avion_bratislava\/"]}]}},"uagb_featured_image_src":{"full":false,"thumbnail":false,"medium":false,"medium_large":false,"large":false,"1536x1536":false,"2048x2048":false},"uagb_author_info":{"display_name":"saemkko","author_link":"https:\/\/www.hotelavion.sk\/?author=2"},"uagb_comment_info":0,"uagb_excerpt":"OTV\u00c1RACIE HODINY: Pon-Sob:&nbsp;09:00 \u2013 22:00 Nede\u013ea:&nbsp;Zatvoren\u00e9 Kde n\u00e1s n\u00e1jdete: Ivansk\u00e1 cesta 15A, 16945, 821 04 Bratislava, v Hoteli Avion OTV\u00c1RACIE HODINY: Pon-Sob:&nbsp;09:00 \u2013 22:00 Nede\u013ea:&nbsp;Zatvoren\u00e9 Kde n\u00e1s n\u00e1jdete: Ivansk\u00e1 cesta 15A, 16945, 821 04 Bratislava, v Hoteli Avion","_links":{"self":[{"href":"https:\/\/www.hotelavion.sk\/index.php?rest_route=\/wp\/v2\/pages\/412","targetHints":{"allow":["GET"]}}],"collection":[{"href":"https:\/\/www.hotelavion.sk\/index.php?rest_route=\/wp\/v2\/pages"}],"about":[{"href":"https:\/\/www.hotelavion.sk\/index.php?rest_route=\/wp\/v2\/types\/page"}],"author":[{"embeddable":true,"href":"https:\/\/www.hotelavion.sk\/index.php?rest_route=\/wp\/v2\/users\/2"}],"replies":[{"embeddable":true,"href":"https:\/\/www.hotelavion.sk\/index.php?rest_route=%2Fwp%2Fv2%2Fcomments&post=412"}],"version-history":[{"count":82,"href":"https:\/\/www.hotelavion.sk\/index.php?rest_route=\/wp\/v2\/pages\/412\/revisions"}],"predecessor-version":[{"id":1062,"href":"https:\/\/www.hotelavion.sk\/index.php?rest_route=\/wp\/v2\/pages\/412\/revisions\/1062"}],"up":[{"embeddable":true,"href":"https:\/\/www.hotelavion.sk\/index.php?rest_route=\/wp\/v2\/pages\/14"}],"wp:attachment":[{"href":"https:\/\/www.hotelavion.sk\/index.php?rest_route=%2Fwp%2Fv2%2Fmedia&parent=412"}],"curies":[{"name":"wp","href":"https:\/\/api.w.org\/{rel}","templated":true}]}}